{"id":552,"date":"2025-12-01T17:15:48","date_gmt":"2025-12-01T16:15:48","guid":{"rendered":"https:\/\/yachtwerft-luetje.de\/contact"},"modified":"2026-04-08T10:03:55","modified_gmt":"2026-04-08T08:03:55","slug":"kontakt","status":"publish","type":"page","link":"https:\/\/yachtwerft-luetje.de\/english\/kontakt\/","title":{"rendered":"Contact"},"content":{"rendered":"<div data-elementor-type=\"wp-post\" data-elementor-id=\"552\" class=\"elementor elementor-552\">\n\t\t\t\t<div class=\"elementor-element elementor-element-fda3c7b e-flex e-con-boxed e-con e-parent\" data-id=\"fda3c7b\" data-element_type=\"container\" data-e-type=\"container\" data-settings=\"{&quot;background_background&quot;:&quot;classic&quot;}\">\n\t\t\t\t\t<div class=\"e-con-inner\">\n\t\t\t\t\t<\/div>\n\t\t\t\t<\/div>\n\t\t<div class=\"elementor-element elementor-element-d6369f9 e-flex e-con-boxed e-con e-parent\" data-id=\"d6369f9\" data-element_type=\"container\" data-e-type=\"container\">\n\t\t\t\t\t<div class=\"e-con-inner\">\n\t\t<div class=\"elementor-element elementor-element-11b790d e-con-full e-flex e-con e-child\" data-id=\"11b790d\" data-element_type=\"container\" data-e-type=\"container\">\n\t\t\t\t<div class=\"elementor-element elementor-element-9fa6e96 elementor-widget elementor-widget-heading\" data-id=\"9fa6e96\" data-element_type=\"widget\" data-e-type=\"widget\" data-widget_type=\"heading.default\">\n\t\t\t\t\t<h2 class=\"elementor-heading-title elementor-size-default\">Kontaktiere uns<\/h2>\t\t\t\t<\/div>\n\t\t\t\t<div class=\"elementor-element elementor-element-c016ee9 elementor-widget elementor-widget-text-editor\" data-id=\"c016ee9\" data-element_type=\"widget\" data-e-type=\"widget\" data-widget_type=\"text-editor.default\">\n\t\t\t\t\t\t\t\t\t<p>Wir freuen uns sehr, von Ihnen\/Dir zu h\u00f6ren! Sei es bez\u00fcglich mehr Informationen zu unserem Werftbetrieb, unseren Abl\u00e4ufen oder einfach f\u00fcr ein wenig Inspiration. Kontaktiere uns gerne \u00fcber Telefon, E-Mail oder einen pers\u00f6nlichen Besuch bei uns auf Kaltehofe.<\/p>\t\t\t\t\t\t\t\t<\/div>\n\t\t\t\t<div class=\"elementor-element elementor-element-e92f601 elementor-hidden-mobile elementor-widget elementor-widget-heading\" data-id=\"e92f601\" data-element_type=\"widget\" data-e-type=\"widget\" data-widget_type=\"heading.default\">\n\t\t\t\t\t<h6 class=\"elementor-heading-title elementor-size-default\">WIE WIR ZU FINDEN SIND<\/h6>\t\t\t\t<\/div>\n\t\t\t\t<div class=\"elementor-element elementor-element-69b3f21 elementor-hidden-mobile elementor-widget elementor-widget-text-editor\" data-id=\"69b3f21\" data-element_type=\"widget\" data-e-type=\"widget\" data-widget_type=\"text-editor.default\">\n\t\t\t\t\t\t\t\t\t<p><strong>Mit dem Auto:<\/strong><\/p><p>Von der Hamburger Innenstadt f\u00e4hrt man \u00fcber die B4 in Richtung Rothenburgsort und weiter zum Ausschl\u00e4ger Elbdeich. Am Ausschl\u00e4ger Elbdeich \u00fcberquert man das Sperrwerk Billwerder Bucht und folgt der Stra\u00dfe noch etwa 800\u202fMeter, bis zur Einfahrt auf das Werftgel\u00e4nde auf der linken Seite. Es stehen Parkm\u00f6glichkeiten direkt am Gel\u00e4nde zur Verf\u00fcgung.<\/p><p><strong>Mit \u00f6ffentlichen Verkehrsmitteln:<\/strong><\/p><p>Ab Hamburg Hauptbahnhof mit der S-Bahn (z.\u202fB. Linie S2) bis \u201eRothenburgsort\u201c fahren. Dort in die Buslinie 530 Richtung &#8222;Wasserkunst Kaltehofe, Hamburg&#8220; umsteigen und bis zur Haltestelle \u201eKaltehofe-Hinterdeich\u201c fahren. <span style=\"font-style: inherit; text-align: var(--text-align);\">Der Bus h\u00e4lt direkt vor unserer T\u00fcr.\u00a0<\/span><\/p>\t\t\t\t\t\t\t\t<\/div>\n\t\t<div class=\"elementor-element elementor-element-ccf8cc4 e-con-full e-flex e-con e-child\" data-id=\"ccf8cc4\" data-element_type=\"container\" data-e-type=\"container\">\n\t\t\t\t<div class=\"elementor-element elementor-element-96e9e2e elementor-widget elementor-widget-google_maps\" data-id=\"96e9e2e\" data-element_type=\"widget\" data-e-type=\"widget\" data-widget_type=\"google_maps.default\">\n\t\t\t\t\t\t\t<div class=\"elementor-custom-embed\">\n\t\t\t<iframe loading=\"lazy\"\n\t\t\t\t\tsrc=\"https:\/\/maps.google.com\/maps?q=Kaltehofe%20Hinterdeich%205&#038;t=m&#038;z=14&#038;output=embed&#038;iwloc=near\"\n\t\t\t\t\ttitle=\"Kaltehofe Hinterdeich 5\"\n\t\t\t\t\taria-label=\"Kaltehofe Hinterdeich 5\"\n\t\t\t><\/iframe>\n\t\t<\/div>\n\t\t\t\t\t\t<\/div>\n\t\t<div class=\"elementor-element elementor-element-a9f047d e-con-full e-flex e-con e-child\" data-id=\"a9f047d\" data-element_type=\"container\" data-e-type=\"container\">\n\t\t\t\t<div class=\"elementor-element elementor-element-45c4bb0 elementor-widget elementor-widget-heading\" data-id=\"45c4bb0\" data-element_type=\"widget\" data-e-type=\"widget\" data-widget_type=\"heading.default\">\n\t\t\t\t\t<h6 class=\"elementor-heading-title elementor-size-default\">ADDRESSE<\/h6>\t\t\t\t<\/div>\n\t\t\t\t<div class=\"elementor-element elementor-element-88b634b elementor-widget elementor-widget-text-editor\" data-id=\"88b634b\" data-element_type=\"widget\" data-e-type=\"widget\" data-widget_type=\"text-editor.default\">\n\t\t\t\t\t\t\t\t\t<p>Yachtwerft L\u00fctje GmbH<\/p><p>Kaltehofe-Hinterdeich 5<\/p><p>20539 Hamburg<\/p><p>Deutschland<\/p>\t\t\t\t\t\t\t\t<\/div>\n\t\t\t\t<div class=\"elementor-element elementor-element-7de30d8 elementor-widget elementor-widget-heading\" data-id=\"7de30d8\" data-element_type=\"widget\" data-e-type=\"widget\" data-widget_type=\"heading.default\">\n\t\t\t\t\t<h6 class=\"elementor-heading-title elementor-size-default\">\u00d6FFNUNGSZEITEN<\/h6>\t\t\t\t<\/div>\n\t\t\t\t<div class=\"elementor-element elementor-element-63d117c elementor-widget elementor-widget-text-editor\" data-id=\"63d117c\" data-element_type=\"widget\" data-e-type=\"widget\" data-widget_type=\"text-editor.default\">\n\t\t\t\t\t\t\t\t\t<p>Montag bis Donnerstag 6:45 &#8211; 16:00 Uhr<\/p><p>Freitag 6:45 &#8211; 13:00 Uhr<\/p>\t\t\t\t\t\t\t\t<\/div>\n\t\t\t\t<div class=\"elementor-element elementor-element-a741d30 elementor-widget elementor-widget-heading\" data-id=\"a741d30\" data-element_type=\"widget\" data-e-type=\"widget\" data-widget_type=\"heading.default\">\n\t\t\t\t\t<h6 class=\"elementor-heading-title elementor-size-default\">E-MAIL<\/h6>\t\t\t\t<\/div>\n\t\t\t\t<div class=\"elementor-element elementor-element-a35bd64 elementor-widget elementor-widget-text-editor\" data-id=\"a35bd64\" data-element_type=\"widget\" data-e-type=\"widget\" data-settings=\"{&quot;_animation&quot;:&quot;none&quot;}\" data-widget_type=\"text-editor.default\">\n\t\t\t\t\t\t\t\t\t<p><a href=\"mailto:info@yachtwerft-luetje.de\" target=\"_blank\" rel=\"noopener\">info@yachtwerft-luetje.de<\/a><\/p>\t\t\t\t\t\t\t\t<\/div>\n\t\t\t\t<div class=\"elementor-element elementor-element-4b7539e elementor-widget elementor-widget-heading\" data-id=\"4b7539e\" data-element_type=\"widget\" data-e-type=\"widget\" data-widget_type=\"heading.default\">\n\t\t\t\t\t<h6 class=\"elementor-heading-title elementor-size-default\">TELEFON<\/h6>\t\t\t\t<\/div>\n\t\t\t\t<div class=\"elementor-element elementor-element-1b9a03c elementor-widget elementor-widget-text-editor\" data-id=\"1b9a03c\" data-element_type=\"widget\" data-e-type=\"widget\" data-widget_type=\"text-editor.default\">\n\t\t\t\t\t\t\t\t\t<p><a href=\"tel:+49 (0) 40 78 56 51\" target=\"_blank\" rel=\"noopener\">+49 (0) 40 78 56 51<\/a><\/p>\t\t\t\t\t\t\t\t<\/div>\n\t\t\t\t<\/div>\n\t\t\t\t<\/div>\n\t\t\t\t<div class=\"elementor-element elementor-element-043ef7b elementor-hidden-desktop elementor-hidden-tablet elementor-widget elementor-widget-heading\" data-id=\"043ef7b\" data-element_type=\"widget\" data-e-type=\"widget\" data-widget_type=\"heading.default\">\n\t\t\t\t\t<h6 class=\"elementor-heading-title elementor-size-default\">WIE WIR ZU FINDEN SIND<\/h6>\t\t\t\t<\/div>\n\t\t\t\t<div class=\"elementor-element elementor-element-210c30f elementor-hidden-desktop elementor-hidden-tablet elementor-widget elementor-widget-text-editor\" data-id=\"210c30f\" data-element_type=\"widget\" data-e-type=\"widget\" data-widget_type=\"text-editor.default\">\n\t\t\t\t\t\t\t\t\t<p><strong>Mit dem Auto:<\/strong><\/p><p>Von der Hamburger Innenstadt f\u00e4hrst du \u00fcber die B4 in Richtung Rothenburgsort und weiter zum Ausschl\u00e4ger Elbdeich. Am Ausschl\u00e4ger Elbdeich \u00fcberquerst du das Sperrwerk Billwerder Bucht und folgst der Stra\u00dfe noch etwa 800\u202fMeter, bis links die Einfahrt auf unsere Werftgel\u00e4nde kommt. Es stehen viele Parkm\u00f6glichkeiten direkt am Gel\u00e4nde zur Verf\u00fcgung.<\/p><p><strong>Mit \u00f6ffentlichen Verkehrsmitteln:<\/strong><\/p><p>Ab Hamburg Hauptbahnhof mit der S-Bahn (z.\u202fB. Linie S2) bis \u201eRothenburgsort\u201c fahren. Dort in die Buslinie 530 Richtung &#8222;Wasserkunst Kaltehofe, Hamburg&#8220; umsteigen und bis zur Haltestelle \u201eKaltehofe-Hinterdeich\u201c fahren. <span style=\"font-style: inherit; text-align: var(--text-align);\">Der Bus h\u00e4lt direkt vor unserer T\u00fcr.\u00a0<\/span><\/p>\t\t\t\t\t\t\t\t<\/div>\n\t\t\t\t<\/div>\n\t\t\t\t\t<\/div>\n\t\t\t\t<\/div>\n\t\t\t\t<\/div>","protected":false},"excerpt":{"rendered":"<p>Kontaktiere uns Wir freuen uns sehr, von Ihnen\/Dir zu h\u00f6ren! Sei es bez\u00fcglich mehr Informationen zu unserem Werftbetrieb, unseren Abl\u00e4ufen oder einfach f\u00fcr ein wenig Inspiration. Kontaktiere uns gerne \u00fcber Telefon, E-Mail oder einen pers\u00f6nlichen Besuch bei uns auf Kaltehofe. WIE WIR ZU FINDEN SIND Mit dem Auto: Von der Hamburger Innenstadt f\u00e4hrt man \u00fcber [&hellip;]<\/p>\n","protected":false},"author":1,"featured_media":0,"parent":0,"menu_order":0,"comment_status":"closed","ping_status":"closed","template":"","meta":{"site-sidebar-layout":"default","site-content-layout":"page-builder","ast-site-content-layout":"full-width-container","site-content-style":"unboxed","site-sidebar-style":"unboxed","ast-global-header-display":"","ast-banner-title-visibility":"","ast-main-header-display":"","ast-hfb-above-header-display":"","ast-hfb-below-header-display":"","ast-hfb-mobile-header-display":"","site-post-title":"disabled","ast-breadcrumbs-content":"","ast-featured-img":"disabled","footer-sml-layout":"","ast-disable-related-posts":"","theme-transparent-header-meta":"enabled","adv-header-id-meta":"","stick-header-meta":"","header-above-stick-meta":"","header-main-stick-meta":"","header-below-stick-meta":"","astra-migrate-meta-layouts":"set","ast-page-background-enabled":"default","ast-page-background-meta":{"desktop":{"background-color":"","background-image":"","background-repeat":"repeat","background-position":"center center","background-size":"auto","background-attachment":"scroll","background-type":"","background-media":"","overlay-type":"","overlay-color":"","overlay-opacity":"","overlay-gradient":""},"tablet":{"background-color":"","background-image":"","background-repeat":"repeat","background-position":"center center","background-size":"auto","background-attachment":"scroll","background-type":"","background-media":"","overlay-type":"","overlay-color":"","overlay-opacity":"","overlay-gradient":""},"mobile":{"background-color":"","background-image":"","background-repeat":"repeat","background-position":"center center","background-size":"auto","background-attachment":"scroll","background-type":"","background-media":"","overlay-type":"","overlay-color":"","overlay-opacity":"","overlay-gradient":""}},"ast-content-background-meta":{"desktop":{"background-color":"var(--ast-global-color-5)","background-image":"","background-repeat":"repeat","background-position":"center center","background-size":"auto","background-attachment":"scroll","background-type":"","background-media":"","overlay-type":"","overlay-color":"","overlay-opacity":"","overlay-gradient":""},"tablet":{"background-color":"var(--ast-global-color-5)","background-image":"","background-repeat":"repeat","background-position":"center center","background-size":"auto","background-attachment":"scroll","background-type":"","background-media":"","overlay-type":"","overlay-color":"","overlay-opacity":"","overlay-gradient":""},"mobile":{"background-color":"var(--ast-global-color-5)","background-image":"","background-repeat":"repeat","background-position":"center center","background-size":"auto","background-attachment":"scroll","background-type":"","background-media":"","overlay-type":"","overlay-color":"","overlay-opacity":"","overlay-gradient":""}},"footnotes":""},"class_list":["post-552","page","type-page","status-publish","hentry"],"_links":{"self":[{"href":"https:\/\/yachtwerft-luetje.de\/english\/wp-json\/wp\/v2\/pages\/552","targetHints":{"allow":["GET"]}}],"collection":[{"href":"https:\/\/yachtwerft-luetje.de\/english\/wp-json\/wp\/v2\/pages"}],"about":[{"href":"https:\/\/yachtwerft-luetje.de\/english\/wp-json\/wp\/v2\/types\/page"}],"author":[{"embeddable":true,"href":"https:\/\/yachtwerft-luetje.de\/english\/wp-json\/wp\/v2\/users\/1"}],"replies":[{"embeddable":true,"href":"https:\/\/yachtwerft-luetje.de\/english\/wp-json\/wp\/v2\/comments?post=552"}],"version-history":[{"count":86,"href":"https:\/\/yachtwerft-luetje.de\/english\/wp-json\/wp\/v2\/pages\/552\/revisions"}],"predecessor-version":[{"id":2558,"href":"https:\/\/yachtwerft-luetje.de\/english\/wp-json\/wp\/v2\/pages\/552\/revisions\/2558"}],"wp:attachment":[{"href":"https:\/\/yachtwerft-luetje.de\/english\/wp-json\/wp\/v2\/media?parent=552"}],"curies":[{"name":"wp","href":"https:\/\/api.w.org\/{rel}","templated":true}]}}