{"id":2334,"date":"2026-02-11T14:30:41","date_gmt":"2026-02-11T13:30:41","guid":{"rendered":"http:\/\/yachtwerft-luetje.de\/?page_id=2334"},"modified":"2026-03-15T10:01:57","modified_gmt":"2026-03-15T09:01:57","slug":"impressum","status":"publish","type":"page","link":"https:\/\/yachtwerft-luetje.de\/english\/impressum\/","title":{"rendered":"Imprint"},"content":{"rendered":"<p>Yachtwerft L\u00fctje GmbH<br>\nKaltehofe-Hinterdeich 5<br>\n20539 Hamburg<\/p>\n\n\n\n<p>Handelsregister: HRB 195493<br>\nRegistergericht: Hamburg<\/p>\n\n\n\n<p><strong>Vertreten durch:<\/strong><br> Gesch\u00e4ftsf\u00fchrer: Johannes Beck<br> Inhaber: Hans St\u00fctzle<\/p>\n\n\n\n<h2 class=\"wp-block-heading has-medium-font-size\">Contact<\/h2>\n\n\n\n<p>Telefon: +49 (0) 40 78 56 51<br>\nE-Mail: info@yachtwerft-luetje.de<\/p>\n\n\n\n<h2 class=\"wp-block-heading has-medium-font-size\">Umsatzsteuer-ID<\/h2>\n\n\n\n<p>Umsatzsteuer-Identifikationsnummer gem\u00e4\u00df \u00a7 27 a Umsatzsteuergesetz:<br> DE459828757<\/p>\n\n\n\n<h2 class=\"wp-block-heading has-medium-font-size\">Verbraucher\u00adstreit\u00adbeilegung\/Universal\u00adschlichtungs\u00adstelle<\/h2>\n\n\n\n<p>Wir sind nicht bereit oder verpflichtet, an Streitbeilegungsverfahren vor einer Verbraucherschlichtungsstelle teilzunehmen.<\/p>","protected":false},"excerpt":{"rendered":"<p>Yachtwerft L\u00fctje GmbH Kaltehofe-Hinterdeich 5 20539 Hamburg Handelsregister: HRB 195493 Registergericht: Hamburg Vertreten durch: Gesch\u00e4ftsf\u00fchrer: Johannes Beck Inhaber: Hans St\u00fctzle Kontakt Telefon: +49 (0) 40 78 56 51 E-Mail: info@yachtwerft-luetje.de Umsatzsteuer-ID Umsatzsteuer-Identifikationsnummer gem\u00e4\u00df \u00a7 27 a Umsatzsteuergesetz: DE459828757 Verbraucher\u00adstreit\u00adbeilegung\/Universal\u00adschlichtungs\u00adstelle Wir sind nicht bereit oder verpflichtet, an Streitbeilegungsverfahren vor einer Verbraucherschlichtungsstelle teilzunehmen.<\/p>","protected":false},"author":1,"featured_media":0,"parent":0,"menu_order":0,"comment_status":"closed","ping_status":"closed","template":"","meta":{"site-sidebar-layout":"default","site-content-layout":"","ast-site-content-layout":"default","site-content-style":"default","site-sidebar-style":"default","ast-global-header-display":"","ast-banner-title-visibility":"","ast-main-header-display":"","ast-hfb-above-header-display":"","ast-hfb-below-header-display":"","ast-hfb-mobile-header-display":"","site-post-title":"","ast-breadcrumbs-content":"","ast-featured-img":"","footer-sml-layout":"","ast-disable-related-posts":"","theme-transparent-header-meta":"","adv-header-id-meta":"","stick-header-meta":"","header-above-stick-meta":"","header-main-stick-meta":"","header-below-stick-meta":"","astra-migrate-meta-layouts":"set","ast-page-background-enabled":"default","ast-page-background-meta":{"desktop":{"background-color":"","background-image":"","background-repeat":"repeat","background-position":"center center","background-size":"auto","background-attachment":"scroll","background-type":"","background-media":"","overlay-type":"","overlay-color":"","overlay-opacity":"","overlay-gradient":""},"tablet":{"background-color":"","background-image":"","background-repeat":"repeat","background-position":"center center","background-size":"auto","background-attachment":"scroll","background-type":"","background-media":"","overlay-type":"","overlay-color":"","overlay-opacity":"","overlay-gradient":""},"mobile":{"background-color":"","background-image":"","background-repeat":"repeat","background-position":"center center","background-size":"auto","background-attachment":"scroll","background-type":"","background-media":"","overlay-type":"","overlay-color":"","overlay-opacity":"","overlay-gradient":""}},"ast-content-background-meta":{"desktop":{"background-color":"var(--ast-global-color-5)","background-image":"","background-repeat":"repeat","background-position":"center center","background-size":"auto","background-attachment":"scroll","background-type":"","background-media":"","overlay-type":"","overlay-color":"","overlay-opacity":"","overlay-gradient":""},"tablet":{"background-color":"var(--ast-global-color-5)","background-image":"","background-repeat":"repeat","background-position":"center center","background-size":"auto","background-attachment":"scroll","background-type":"","background-media":"","overlay-type":"","overlay-color":"","overlay-opacity":"","overlay-gradient":""},"mobile":{"background-color":"var(--ast-global-color-5)","background-image":"","background-repeat":"repeat","background-position":"center center","background-size":"auto","background-attachment":"scroll","background-type":"","background-media":"","overlay-type":"","overlay-color":"","overlay-opacity":"","overlay-gradient":""}},"footnotes":""},"class_list":["post-2334","page","type-page","status-publish","hentry"],"_links":{"self":[{"href":"https:\/\/yachtwerft-luetje.de\/english\/wp-json\/wp\/v2\/pages\/2334","targetHints":{"allow":["GET"]}}],"collection":[{"href":"https:\/\/yachtwerft-luetje.de\/english\/wp-json\/wp\/v2\/pages"}],"about":[{"href":"https:\/\/yachtwerft-luetje.de\/english\/wp-json\/wp\/v2\/types\/page"}],"author":[{"embeddable":true,"href":"https:\/\/yachtwerft-luetje.de\/english\/wp-json\/wp\/v2\/users\/1"}],"replies":[{"embeddable":true,"href":"https:\/\/yachtwerft-luetje.de\/english\/wp-json\/wp\/v2\/comments?post=2334"}],"version-history":[{"count":3,"href":"https:\/\/yachtwerft-luetje.de\/english\/wp-json\/wp\/v2\/pages\/2334\/revisions"}],"predecessor-version":[{"id":2464,"href":"https:\/\/yachtwerft-luetje.de\/english\/wp-json\/wp\/v2\/pages\/2334\/revisions\/2464"}],"wp:attachment":[{"href":"https:\/\/yachtwerft-luetje.de\/english\/wp-json\/wp\/v2\/media?parent=2334"}],"curies":[{"name":"wp","href":"https:\/\/api.w.org\/{rel}","templated":true}]}}